{"id":12753,"date":"2024-09-24T17:42:58","date_gmt":"2024-09-24T08:42:58","guid":{"rendered":"https:\/\/f1-lap-time.com\/?page_id=12753"},"modified":"2024-09-24T18:03:43","modified_gmt":"2024-09-24T09:03:43","slug":"2024%e5%b9%b4-%e3%82%b7%e3%83%b3%e3%82%ac%e3%83%9d%e3%83%bc%e3%83%abgp-%e3%83%ac%e3%83%bc%e3%82%b9%e3%83%9a%e3%83%bc%e3%82%b9%e5%88%86%e6%9e%90","status":"publish","type":"page","link":"https:\/\/f1-lap-time.com\/?page_id=12753","title":{"rendered":"2024\u5e74 \u30b7\u30f3\u30ac\u30dd\u30fc\u30ebGP \u30ec\u30fc\u30b9\u30da\u30fc\u30b9\u5206\u6790"},"content":{"rendered":"\n<h2 class=\"wp-block-heading\">1. \u5206\u6790\u7d50\u679c<\/h2>\n\n\n\n<p id=\"block-5f4754c6-f31a-4420-be00-8d9a47484333\">\u3000\u30bf\u30a4\u30e4\u30fb\u71c3\u6599\u30fb\u30c0\u30fc\u30c6\u30a3\u30a8\u30a2\u3084\u5168\u529b\u3067\u8d70\u308b\u5fc5\u8981\u6027\u306a\u3069\u306e\u8af8\u6761\u4ef6\u3092\u8003\u616e\u306b\u5165\u308c\u308b\u3068\u3001\u30ec\u30fc\u30b9\u5168\u4f53\u3067\u306e\u30da\u30fc\u30b9\u306e\u529b\u95a2\u4fc2\u306b\u3064\u3044\u3066\u4ee5\u4e0b\u306e\u3053\u3068\u304c\u8a00\u3048\u305f\u3002<\/p>\n\n\n\n<p class=\"has-text-align-center\">\u88681 \u30df\u30c7\u30a3\u30a2\u30e0\u30bf\u30a4\u30e4\u3067\u306e\u30ec\u30fc\u30b9\u30da\u30fc\u30b9 1<\/p>\n\n\n<div class=\"wp-block-image\">\n<figure class=\"aligncenter size-full is-resized\"><img loading=\"lazy\" decoding=\"async\" width=\"230\" height=\"520\" src=\"https:\/\/f1-lap-time.com\/wp-content\/uploads\/2024\/09\/\u30b9\u30af\u30ea\u30fc\u30f3\u30b7\u30e7\u30c3\u30c8-2024-09-24-16.29.12.png\" alt=\"\" class=\"wp-image-12754\" style=\"width:126px;height:undefinedpx\" srcset=\"https:\/\/f1-lap-time.com\/wp-content\/uploads\/2024\/09\/\u30b9\u30af\u30ea\u30fc\u30f3\u30b7\u30e7\u30c3\u30c8-2024-09-24-16.29.12.png 230w, https:\/\/f1-lap-time.com\/wp-content\/uploads\/2024\/09\/\u30b9\u30af\u30ea\u30fc\u30f3\u30b7\u30e7\u30c3\u30c8-2024-09-24-16.29.12-133x300.png 133w\" sizes=\"auto, (max-width: 230px) 100vw, 230px\" \/><\/figure>\n<\/div>\n\n\n<p>\u3000<\/p>\n\n\n\n<p class=\"has-text-align-center\">\u88682 \u30df\u30c7\u30a3\u30a2\u30e0\u30bf\u30a4\u30e4\u3067\u306e\u30ec\u30fc\u30b9\u30da\u30fc\u30b9 2<\/p>\n\n\n<div class=\"wp-block-image\">\n<figure class=\"aligncenter size-full is-resized\"><img loading=\"lazy\" decoding=\"async\" width=\"228\" height=\"200\" src=\"https:\/\/f1-lap-time.com\/wp-content\/uploads\/2024\/09\/\u30b9\u30af\u30ea\u30fc\u30f3\u30b7\u30e7\u30c3\u30c8-2024-09-24-16.29.44.png\" alt=\"\" class=\"wp-image-12755\" style=\"width:126px;height:undefinedpx\"\/><\/figure>\n<\/div>\n\n\n<p>\u3000<\/p>\n\n\n\n<p class=\"has-text-align-center\">\u88683 \u30cf\u30fc\u30c9\u30bf\u30a4\u30e4\u3067\u306e\u30ec\u30fc\u30b9\u30da\u30fc\u30b9<\/p>\n\n\n<div class=\"wp-block-image\">\n<figure class=\"aligncenter size-full is-resized\"><img loading=\"lazy\" decoding=\"async\" width=\"228\" height=\"648\" src=\"https:\/\/f1-lap-time.com\/wp-content\/uploads\/2024\/09\/\u30b9\u30af\u30ea\u30fc\u30f3\u30b7\u30e7\u30c3\u30c8-2024-09-24-16.29.34.png\" alt=\"\" class=\"wp-image-12756\" style=\"width:126px;height:undefinedpx\" srcset=\"https:\/\/f1-lap-time.com\/wp-content\/uploads\/2024\/09\/\u30b9\u30af\u30ea\u30fc\u30f3\u30b7\u30e7\u30c3\u30c8-2024-09-24-16.29.34.png 228w, https:\/\/f1-lap-time.com\/wp-content\/uploads\/2024\/09\/\u30b9\u30af\u30ea\u30fc\u30f3\u30b7\u30e7\u30c3\u30c8-2024-09-24-16.29.34-106x300.png 106w\" sizes=\"auto, (max-width: 228px) 100vw, 228px\" \/><\/figure>\n<\/div>\n\n\n<p>\u3000<\/p>\n\n\n\n<p class=\"has-text-align-center\">\u88684 \u30cf\u30fc\u30c9\u30bf\u30a4\u30e4\u3067\u306e\u30ec\u30fc\u30b9\u30da\u30fc\u30b9 2<\/p>\n\n\n<div class=\"wp-block-image\">\n<figure class=\"aligncenter size-full is-resized\"><img loading=\"lazy\" decoding=\"async\" width=\"228\" height=\"326\" src=\"https:\/\/f1-lap-time.com\/wp-content\/uploads\/2024\/09\/\u30b9\u30af\u30ea\u30fc\u30f3\u30b7\u30e7\u30c3\u30c8-2024-09-24-16.29.22.png\" alt=\"\" class=\"wp-image-12757\" style=\"width:126px;height:undefinedpx\" srcset=\"https:\/\/f1-lap-time.com\/wp-content\/uploads\/2024\/09\/\u30b9\u30af\u30ea\u30fc\u30f3\u30b7\u30e7\u30c3\u30c8-2024-09-24-16.29.22.png 228w, https:\/\/f1-lap-time.com\/wp-content\/uploads\/2024\/09\/\u30b9\u30af\u30ea\u30fc\u30f3\u30b7\u30e7\u30c3\u30c8-2024-09-24-16.29.22-210x300.png 210w\" sizes=\"auto, (max-width: 228px) 100vw, 228px\" \/><\/figure>\n<\/div>\n\n\n<p class=\"has-text-align-center\">\u3000\u3000<\/p>\n\n\n\n<p class=\"has-text-align-center\">\u88685 \u4e21\u30bf\u30a4\u30e4\u3067\u306e\u30ec\u30fc\u30b9\u30da\u30fc\u30b9<\/p>\n\n\n<div class=\"wp-block-image\">\n<figure class=\"aligncenter size-full is-resized\"><img loading=\"lazy\" decoding=\"async\" width=\"230\" height=\"198\" src=\"https:\/\/f1-lap-time.com\/wp-content\/uploads\/2024\/09\/\u30b9\u30af\u30ea\u30fc\u30f3\u30b7\u30e7\u30c3\u30c8-2024-09-24-16.29.55.png\" alt=\"\" class=\"wp-image-12758\" style=\"width:126px;height:undefinedpx\"\/><\/figure>\n<\/div>\n\n\n<p>\u3000<\/p>\n\n\n\n<p>\u3000\u3055\u3089\u306b\u3053\u308c\u3089\u3092\u7dcf\u5408\u3059\u308b\u3068\u3001\u30ec\u30fc\u30b9\u5168\u4f53\u3067\u306e\u30da\u30fc\u30b9\u306e\u529b\u95a2\u4fc2\u3082\u4ee5\u4e0b\u306e\u3088\u3046\u306b\u7406\u89e3\u3059\u308b\u3053\u3068\u304c\u3067\u304d\u308b\u3060\u308d\u3046\u3002<\/p>\n\n\n\n<p class=\"has-text-align-center\">\u88686 \u5168\u4f53\u306e\u30ec\u30fc\u30b9\u30da\u30fc\u30b9<\/p>\n\n\n<div class=\"wp-block-image\">\n<figure class=\"aligncenter size-full is-resized\"><img loading=\"lazy\" decoding=\"async\" width=\"230\" height=\"1028\" src=\"https:\/\/f1-lap-time.com\/wp-content\/uploads\/2024\/09\/\u30b9\u30af\u30ea\u30fc\u30f3\u30b7\u30e7\u30c3\u30c8-2024-09-24-16.30.13.png\" alt=\"\" class=\"wp-image-12759\" style=\"width:126px;height:undefinedpx\" srcset=\"https:\/\/f1-lap-time.com\/wp-content\/uploads\/2024\/09\/\u30b9\u30af\u30ea\u30fc\u30f3\u30b7\u30e7\u30c3\u30c8-2024-09-24-16.30.13.png 230w, https:\/\/f1-lap-time.com\/wp-content\/uploads\/2024\/09\/\u30b9\u30af\u30ea\u30fc\u30f3\u30b7\u30e7\u30c3\u30c8-2024-09-24-16.30.13-67x300.png 67w, https:\/\/f1-lap-time.com\/wp-content\/uploads\/2024\/09\/\u30b9\u30af\u30ea\u30fc\u30f3\u30b7\u30e7\u30c3\u30c8-2024-09-24-16.30.13-229x1024.png 229w\" sizes=\"auto, (max-width: 230px) 100vw, 230px\" \/><\/figure>\n<\/div>\n\n\n<p>\u3000<\/p>\n\n\n<div class=\"wp-block-image\">\n<figure class=\"aligncenter size-large\"><img loading=\"lazy\" decoding=\"async\" width=\"1024\" height=\"822\" src=\"https:\/\/f1-lap-time.com\/wp-content\/uploads\/2024\/09\/\u30b9\u30af\u30ea\u30fc\u30f3\u30b7\u30e7\u30c3\u30c8-2024-09-24-16.36.55-1024x822.png\" alt=\"\" class=\"wp-image-12760\" srcset=\"https:\/\/f1-lap-time.com\/wp-content\/uploads\/2024\/09\/\u30b9\u30af\u30ea\u30fc\u30f3\u30b7\u30e7\u30c3\u30c8-2024-09-24-16.36.55-1024x822.png 1024w, https:\/\/f1-lap-time.com\/wp-content\/uploads\/2024\/09\/\u30b9\u30af\u30ea\u30fc\u30f3\u30b7\u30e7\u30c3\u30c8-2024-09-24-16.36.55-300x241.png 300w, https:\/\/f1-lap-time.com\/wp-content\/uploads\/2024\/09\/\u30b9\u30af\u30ea\u30fc\u30f3\u30b7\u30e7\u30c3\u30c8-2024-09-24-16.36.55-768x617.png 768w, https:\/\/f1-lap-time.com\/wp-content\/uploads\/2024\/09\/\u30b9\u30af\u30ea\u30fc\u30f3\u30b7\u30e7\u30c3\u30c8-2024-09-24-16.36.55-1536x1233.png 1536w, https:\/\/f1-lap-time.com\/wp-content\/uploads\/2024\/09\/\u30b9\u30af\u30ea\u30fc\u30f3\u30b7\u30e7\u30c3\u30c8-2024-09-24-16.36.55.png 1990w\" sizes=\"auto, (max-width: 1024px) 100vw, 1024px\" \/><figcaption class=\"wp-element-caption\">\u56f31 \u5168\u4f53\u306e\u30ec\u30fc\u30b9\u30da\u30fc\u30b9\uff08visualized\uff09<\/figcaption><\/figure>\n<\/div>\n\n\n<p class=\"has-medium-font-size\">\u3000<\/p>\n\n\n\n<p class=\"has-medium-font-size\">\u203b<strong>\u6ce8\u610f\u70b9<\/strong><\/p>\n\n\n\n<p>\u3000\u30ce\u30ea\u30b9\u306e\u8a00\u8449\u3092\u4fe1\u3058\u3001\u30cf\u30fc\u30c9\u30bf\u30a4\u30e4\u3067\u3082\u672c\u6765\u306e\u5b9f\u529b\u306b\u8fd1\u3044\u30da\u30fc\u30b9\u3067\u8d70\u3063\u3066\u3044\u305f\u3068\u4eee\u5b9a\u3057\u305f\u3002<\/p>\n\n\n\n<p>\u3000\u307e\u305f\u3001\u30d5\u30a7\u30eb\u30b9\u30bf\u30c3\u30da\u30f3\u306f\u3001\u88681,3\u306e\u30e9\u30c3\u30bb\u30eb\u3084\u30d2\u30e5\u30eb\u30b1\u30f3\u30d9\u30eb\u30b0\u3068\u306e\u95a2\u4fc2\u304b\u3089\u3001\u30cf\u30fc\u30c9\u30bf\u30a4\u30e4\u3067\u7af6\u4e89\u529b\u304c\u9ad8\u304b\u3063\u305f\u3068\u8003\u3048\u3001\u4e21\u30c6\u30fc\u30d6\u30eb\u306e\u7d71\u5408\u306e\u969b\u306b\u306f\u30e9\u30c3\u30bb\u30eb\u3092\u57fa\u6e96\u3068\u3057\u305f\u3002<\/p>\n\n\n\n<h2 class=\"wp-block-heading\" id=\"2-\u30ec\u30fc\u30b9\u30da\u30fc\u30b9\u306e\u5206\u6790\">2. \u5206\u6790\u65b9\u6cd5\u306b\u3064\u3044\u3066<\/h2>\n\n\n\n<p>\u3000\u30d5\u30e5\u30fc\u30a8\u30eb\u30a8\u30d5\u30a7\u30af\u30c8\u306f0.06[s\/lap]\u3068\u3057\u3001\u30b0\u30e9\u30d5\u306e\u50be\u304d\u304b\u3089\u30c7\u30b0\u30e9\u30c7\u30fc\u30b7\u30e7\u30f3\u5024\u3092\u7b97\u51fa\u3002\u30c9\u30e9\u30a4\u30b3\u30f3\u30c7\u30a3\u30b7\u30e7\u30f3\u306b\u9650\u5b9a\u3002\u30bf\u30a4\u30e4\u306e\u5c65\u6b74\u304b\u3089\u30a4\u30b3\u30fc\u30eb\u30b3\u30f3\u30c7\u30a3\u30b7\u30e7\u30f3\u3067\u306e\u30ec\u30fc\u30b9\u30da\u30fc\u30b9\u3092\u5c0e\u51fa\u3057\u305f\u3002\u307e\u305f\u3001\u30af\u30ea\u30a2\u30fb\u30c0\u30fc\u30c6\u30a3\u30a8\u30a2\u3084\u30ec\u30fc\u30b9\u306e\u6587\u8108\u3082\u8003\u616e\u3057\u3066\u3044\u308b\u3002\u5b9a\u91cf\u7684\u306b\u5c0e\u51fa\u3067\u304d\u306a\u3044\u30c9\u30e9\u30a4\u30d0\u30fc\u306b\u3064\u3044\u3066\u306f\u7d50\u8ad6\u3092\u51fa\u3055\u305a\u3001\u4fe1\u983c\u3067\u304d\u308b\u6570\u5b57\u306e\u307f\u3092\u516c\u958b\u3059\u308b\u65b9\u91dd\u3068\u3057\u3066\u3044\u308b\u3002<\/p>\n\n\n\n<p><a href=\"https:\/\/x.com\/pirellisport\/status\/1837883609316725023\/photo\/1\" target=\"_blank\" rel=\"noopener\" title=\"\">\u5404\u30c9\u30e9\u30a4\u30d0\u30fc\u306e\u4f7f\u7528\u30bf\u30a4\u30e4\u306f\u30d4\u30ec\u30ea\u516c\u5f0f\u3088\u308a<\/a><\/p>\n\n\n\n<p>\u3000\u4eca\u56de\u306f\u4e88\u9078\u3067\u4f7f\u7528\u3057\u305f\u30bd\u30d5\u30c8\u3068\u65b0\u54c1\u30bd\u30d5\u30c8\u306e\u5dee\u3001\u30b9\u30af\u30e9\u30d6\u6e08\u307f\u3068\u65b0\u54c1\u306e\u30df\u30c7\u30a3\u30a2\u30e0\u30fb\u30cf\u30fc\u30c9\u306e\u5dee\u306f\u7121\u8996\u3059\u308b\u3053\u3068\u3068\u3057\u305f\u3002<\/p>\n\n\n\n<h2 class=\"wp-block-heading\">3. \u5206\u6790\u5185\u5bb9\u306e\u30cf\u30a4\u30e9\u30a4\u30c8<\/h2>\n\n\n\n<p>\u3000\u4ee5\u4e0b\u306b\u5206\u6790\u5185\u5bb9\u306e\u4e00\u90e8\u3092\u63b2\u8f09\u3059\u308b\u3002\u540c\u3058\u3088\u3046\u306a\u8a08\u7b97\u306b\u306a\u308b\u3082\u306e\u306f\u5272\u611b\u3057\u305f\u3002<\/p>\n\n\n\n<p class=\"has-medium-font-size\"><strong>3.1. \u7b2c1\u30b9\u30c6\u30a3\u30f3\u30c8<\/strong><\/p>\n\n\n\n<p>\u3000\u7b2c1\u30b9\u30c6\u30a3\u30f3\u30c8\u306b\u3064\u3044\u3066\u306f\u3001\u5404\u8eca\u81ea\u5206\u306e\u30da\u30fc\u30b9\u3067\u8d70\u308c\u3066\u3044\u308b\u90e8\u5206\u3092\u3001\u5358\u7d14\u306b\u305d\u308c\u305e\u308c\u6bd4\u8f03\u3057\u3066\u3044\u3063\u305f\u3002\u4f7f\u7528\u3057\u305f\u30b0\u30e9\u30d5\u306f\u4ee5\u4e0b\u306e\u901a\u308a\u3002<\/p>\n\n\n\n<figure class=\"wp-block-image size-full\"><img loading=\"lazy\" decoding=\"async\" width=\"930\" height=\"541\" src=\"https:\/\/f1-lap-time.com\/wp-content\/uploads\/2024\/09\/1-1.png\" alt=\"\" class=\"wp-image-12761\" srcset=\"https:\/\/f1-lap-time.com\/wp-content\/uploads\/2024\/09\/1-1.png 930w, https:\/\/f1-lap-time.com\/wp-content\/uploads\/2024\/09\/1-1-300x175.png 300w, https:\/\/f1-lap-time.com\/wp-content\/uploads\/2024\/09\/1-1-768x447.png 768w\" sizes=\"auto, (max-width: 930px) 100vw, 930px\" \/><\/figure>\n\n\n\n<figure class=\"wp-block-image size-full\"><img loading=\"lazy\" decoding=\"async\" width=\"930\" height=\"541\" src=\"https:\/\/f1-lap-time.com\/wp-content\/uploads\/2024\/09\/2-1.png\" alt=\"\" class=\"wp-image-12762\" srcset=\"https:\/\/f1-lap-time.com\/wp-content\/uploads\/2024\/09\/2-1.png 930w, https:\/\/f1-lap-time.com\/wp-content\/uploads\/2024\/09\/2-1-300x175.png 300w, https:\/\/f1-lap-time.com\/wp-content\/uploads\/2024\/09\/2-1-768x447.png 768w\" sizes=\"auto, (max-width: 930px) 100vw, 930px\" \/><\/figure>\n\n\n\n<figure class=\"wp-block-image size-full\"><img loading=\"lazy\" decoding=\"async\" width=\"931\" height=\"541\" src=\"https:\/\/f1-lap-time.com\/wp-content\/uploads\/2024\/09\/3.png\" alt=\"\" class=\"wp-image-12687\" srcset=\"https:\/\/f1-lap-time.com\/wp-content\/uploads\/2024\/09\/3.png 931w, https:\/\/f1-lap-time.com\/wp-content\/uploads\/2024\/09\/3-300x174.png 300w, https:\/\/f1-lap-time.com\/wp-content\/uploads\/2024\/09\/3-768x446.png 768w\" sizes=\"auto, (max-width: 931px) 100vw, 931px\" \/><\/figure>\n\n\n\n<p class=\"has-medium-font-size\"><strong>3.2. \u7b2c2\u30b9\u30c6\u30a3\u30f3\u30c8\u4ee5\u964d<\/strong><\/p>\n\n\n\n<p>\u3000\u7b2c2\u30b9\u30c6\u30a3\u30f3\u30c8\u306b\u3064\u3044\u3066\u306f\u3001\u30bf\u30a4\u30e4\u306e\u30c7\u30b0\u30e9\u30c7\u30fc\u30b7\u30e7\u30f3\u3092\u8003\u616e\u3057\u3066\u8a08\u7b97\u3057\u305f\u3002\u4f7f\u7528\u3057\u305f\u30b0\u30e9\u30d5\u306f\u4ee5\u4e0b\u306e\u901a\u308a\u3002<\/p>\n\n\n\n<figure class=\"wp-block-image size-full\"><img loading=\"lazy\" decoding=\"async\" width=\"930\" height=\"541\" src=\"https:\/\/f1-lap-time.com\/wp-content\/uploads\/2024\/09\/3-1.png\" alt=\"\" class=\"wp-image-12763\" srcset=\"https:\/\/f1-lap-time.com\/wp-content\/uploads\/2024\/09\/3-1.png 930w, https:\/\/f1-lap-time.com\/wp-content\/uploads\/2024\/09\/3-1-300x175.png 300w, https:\/\/f1-lap-time.com\/wp-content\/uploads\/2024\/09\/3-1-768x447.png 768w\" sizes=\"auto, (max-width: 930px) 100vw, 930px\" \/><\/figure>\n\n\n\n<figure class=\"wp-block-image size-full\"><img loading=\"lazy\" decoding=\"async\" width=\"930\" height=\"541\" src=\"https:\/\/f1-lap-time.com\/wp-content\/uploads\/2024\/09\/4.png\" alt=\"\" class=\"wp-image-12764\" srcset=\"https:\/\/f1-lap-time.com\/wp-content\/uploads\/2024\/09\/4.png 930w, https:\/\/f1-lap-time.com\/wp-content\/uploads\/2024\/09\/4-300x175.png 300w, https:\/\/f1-lap-time.com\/wp-content\/uploads\/2024\/09\/4-768x447.png 768w\" sizes=\"auto, (max-width: 930px) 100vw, 930px\" \/><\/figure>\n\n\n\n<figure class=\"wp-block-image size-full\"><img loading=\"lazy\" decoding=\"async\" width=\"930\" height=\"541\" src=\"https:\/\/f1-lap-time.com\/wp-content\/uploads\/2024\/09\/5.png\" alt=\"\" class=\"wp-image-12765\" srcset=\"https:\/\/f1-lap-time.com\/wp-content\/uploads\/2024\/09\/5.png 930w, https:\/\/f1-lap-time.com\/wp-content\/uploads\/2024\/09\/5-300x175.png 300w, https:\/\/f1-lap-time.com\/wp-content\/uploads\/2024\/09\/5-768x447.png 768w\" sizes=\"auto, (max-width: 930px) 100vw, 930px\" \/><\/figure>\n\n\n\n<figure class=\"wp-block-image size-full\"><img loading=\"lazy\" decoding=\"async\" width=\"930\" height=\"541\" src=\"https:\/\/f1-lap-time.com\/wp-content\/uploads\/2024\/09\/6.png\" alt=\"\" class=\"wp-image-12766\" srcset=\"https:\/\/f1-lap-time.com\/wp-content\/uploads\/2024\/09\/6.png 930w, https:\/\/f1-lap-time.com\/wp-content\/uploads\/2024\/09\/6-300x175.png 300w, https:\/\/f1-lap-time.com\/wp-content\/uploads\/2024\/09\/6-768x447.png 768w\" sizes=\"auto, (max-width: 930px) 100vw, 930px\" \/><\/figure>\n\n\n\n<p>\u3000\u4f8b\u3068\u3057\u3066\u30d5\u30a7\u30eb\u30b9\u30bf\u30c3\u30da\u30f3\u3068\u30e9\u30c3\u30bb\u30eb\u306e\u6bd4\u8f03\u3092\u8003\u3048\u3066\u307f\u3088\u3046\u3002<\/p>\n\n\n\n<p>\u300030~57\u5468\u76ee\u306e28\u5468\u306e\u533a\u9593\u306b\u304a\u3044\u3066\u3001\uff08\u30c0\u30fc\u30c6\u30a3\u30a8\u30a2\u306a\u3069\u3067\u843d\u3061\u3066\u3044\u308b\u5468\u306f\u9664\u304f\uff09\u5e73\u5747\u30e9\u30c3\u30d7\u30bf\u30a4\u30e0\u306f\u30d5\u30a7\u30eb\u30b9\u30bf\u30c3\u30da\u30f3\u304c0.64\u79d2\u901f\u3044\u3002\u305d\u3057\u3066\u30e9\u30c3\u30bb\u30eb\u306e\u30bf\u30a4\u30e4\u304c2\u5468\u53e4\u304f\u3001\u30c7\u30b0\u30e9\u30c7\u30fc\u30b7\u30e7\u30f3\u306f\u30e9\u30c3\u30bb\u30eb\u304c0.06[s\/lap]\u3001\u30d5\u30a7\u30eb\u30b9\u30bf\u30c3\u30da\u30f3\u304c0.03[s\/lap]\u3068\u8aad\u3081\u308b\u305f\u3081\u3001\u3053\u306e\u533a\u9593\u306b\u304a\u3051\u308b\u30e9\u30c3\u30bb\u30eb\u306e\u30bf\u30a4\u30e4\u306e\u4e0d\u5229\u306f0.06\u00d72+(0.06-0.03)\u00d728\u00d71\/2=0.54[s]\u3068\u306a\u308b\u3002\u3088\u3063\u3066\u65b0\u54c1\u30bf\u30a4\u30e4\u3067\u306e\u529b\u95a2\u4fc2\u306f\u3001\u30d5\u30a7\u30eb\u30b9\u30bf\u30c3\u30da\u30f3\u304c\u30e9\u30c3\u30bb\u30eb\u3088\u308a\u30820.64\uff0b0.54=0.10[s]\u901f\u3044\u3053\u3068\u306b\u306a\u308b\u3002\u3053\u3053\u304b\u30891\u5468\u3054\u3068\u306b0.03[s\/lap]\u306e\u30c7\u30b0\u30e9\u30c7\u30fc\u30b7\u30e7\u30f3\u306e\u5dee\u304c\u52b9\u3044\u3066\u304f\u308b\u4e2d\u3067\u3001\u30c1\u30a7\u30c3\u30ab\u30fc\u30d5\u30e9\u30c3\u30b0\u307e\u3067\u30d5\u30a7\u30eb\u30b9\u30bf\u30c3\u30da\u30f3\u306e33\u5468\u3068\u30e9\u30c3\u30bb\u30eb\u306e35\u5468\u306e\u5e73\u5747\u306e34\u5468\u3092\u8d70\u308a\u5207\u3063\u305f\u3068\u3059\u308b\u3068\u3001\u30d5\u30a7\u30eb\u30b9\u30bf\u30c3\u30da\u30f3\u306e\u30da\u30fc\u30b9\u30a2\u30c9\u30d0\u30f3\u30c6\u30fc\u30b8\u306f0.10+0.03\u00d734\u00d71\/2=0.61[s]\u3068\u306a\u308a\u3001\u56db\u6368\u4e94\u5165\u3057\u30660.6\u79d2\u3068\u5c0e\u51fa\u3057\u305f\u3002\u3053\u308c\u306f\u300c\u30d5\u30a7\u30eb\u30b9\u30bf\u30c3\u30da\u30f3\u306f\u30e9\u30c3\u30bb\u30eb\u3088\u308a\u30820.1\u79d2\u901f\u304f\u8d70\u3063\u3066\u3082\u30010.03\u79d2\u3076\u3093\u5c0f\u3055\u3044\u30c7\u30b0\u30e9\u30c7\u30fc\u30b7\u30e7\u30f3\u3092\u5b9f\u73fe\u3057\u300134\u5468\u306e\u30b9\u30c6\u30a3\u30f3\u30c8\u3092\u524d\u63d0\u3068\u3057\u305f\u969b\u306b\u30c8\u30fc\u30bf\u30eb0.6\u79d2\u901f\u304f\u8d70\u308b\u3053\u3068\u304c\u3067\u304d\u305f\u3002\u300d\u3068\u30b5\u30de\u30e9\u30a4\u30ba\u3059\u308b\u3053\u3068\u304c\u3067\u304d\u308b\u3002<\/p>\n\n\n\n<p>\u3000\u4ed6\u306e\u30c9\u30e9\u30a4\u30d0\u30fc\u9054\u3082\u540c\u69d8\u306b\u8a08\u7b97\u3057\u305f\u3002\u307e\u305f\u3001\u30b9\u30c6\u30a3\u30f3\u30c8\u306e\u9014\u4e2d\u3067\u30c7\u30b0\u30e9\u30c7\u30fc\u30b7\u30e7\u30f3\u304c\u5909\u308f\u308b\u969b\u306f\u3001\u533a\u9593\u3092\u5206\u3051\u3066\u8a08\u7b97\u3057\u305f\u3002<\/p>\n\n\n\n<h2 class=\"wp-block-heading\">4. \u5168\u30c1\u30fc\u30e0\u306e\u30ec\u30fc\u30b9\u30da\u30fc\u30b9\u30b0\u30e9\u30d5<\/h2>\n\n\n\n<figure class=\"wp-block-image size-full\"><img loading=\"lazy\" decoding=\"async\" width=\"931\" height=\"541\" src=\"https:\/\/f1-lap-time.com\/wp-content\/uploads\/2024\/09\/MCL-2.png\" alt=\"\" class=\"wp-image-12767\" srcset=\"https:\/\/f1-lap-time.com\/wp-content\/uploads\/2024\/09\/MCL-2.png 931w, https:\/\/f1-lap-time.com\/wp-content\/uploads\/2024\/09\/MCL-2-300x174.png 300w, https:\/\/f1-lap-time.com\/wp-content\/uploads\/2024\/09\/MCL-2-768x446.png 768w\" sizes=\"auto, (max-width: 931px) 100vw, 931px\" \/><\/figure>\n\n\n\n<figure class=\"wp-block-image size-full\"><img loading=\"lazy\" decoding=\"async\" width=\"931\" height=\"541\" src=\"https:\/\/f1-lap-time.com\/wp-content\/uploads\/2024\/09\/RBR-2.png\" alt=\"\" class=\"wp-image-12768\" srcset=\"https:\/\/f1-lap-time.com\/wp-content\/uploads\/2024\/09\/RBR-2.png 931w, https:\/\/f1-lap-time.com\/wp-content\/uploads\/2024\/09\/RBR-2-300x174.png 300w, https:\/\/f1-lap-time.com\/wp-content\/uploads\/2024\/09\/RBR-2-768x446.png 768w\" sizes=\"auto, (max-width: 931px) 100vw, 931px\" \/><\/figure>\n\n\n\n<figure class=\"wp-block-image size-full\"><img loading=\"lazy\" decoding=\"async\" width=\"931\" height=\"541\" src=\"https:\/\/f1-lap-time.com\/wp-content\/uploads\/2024\/09\/MER-2.png\" alt=\"\" class=\"wp-image-12769\" srcset=\"https:\/\/f1-lap-time.com\/wp-content\/uploads\/2024\/09\/MER-2.png 931w, https:\/\/f1-lap-time.com\/wp-content\/uploads\/2024\/09\/MER-2-300x174.png 300w, https:\/\/f1-lap-time.com\/wp-content\/uploads\/2024\/09\/MER-2-768x446.png 768w\" sizes=\"auto, (max-width: 931px) 100vw, 931px\" \/><\/figure>\n\n\n\n<figure class=\"wp-block-image size-full\"><img loading=\"lazy\" decoding=\"async\" width=\"931\" height=\"541\" src=\"https:\/\/f1-lap-time.com\/wp-content\/uploads\/2024\/09\/FER-2.png\" alt=\"\" class=\"wp-image-12770\" srcset=\"https:\/\/f1-lap-time.com\/wp-content\/uploads\/2024\/09\/FER-2.png 931w, https:\/\/f1-lap-time.com\/wp-content\/uploads\/2024\/09\/FER-2-300x174.png 300w, https:\/\/f1-lap-time.com\/wp-content\/uploads\/2024\/09\/FER-2-768x446.png 768w\" sizes=\"auto, (max-width: 931px) 100vw, 931px\" \/><\/figure>\n\n\n\n<figure class=\"wp-block-image size-full\"><img loading=\"lazy\" decoding=\"async\" width=\"931\" height=\"541\" src=\"https:\/\/f1-lap-time.com\/wp-content\/uploads\/2024\/09\/AMR-3.png\" alt=\"\" class=\"wp-image-12771\" srcset=\"https:\/\/f1-lap-time.com\/wp-content\/uploads\/2024\/09\/AMR-3.png 931w, https:\/\/f1-lap-time.com\/wp-content\/uploads\/2024\/09\/AMR-3-300x174.png 300w, https:\/\/f1-lap-time.com\/wp-content\/uploads\/2024\/09\/AMR-3-768x446.png 768w\" sizes=\"auto, (max-width: 931px) 100vw, 931px\" \/><\/figure>\n\n\n\n<figure class=\"wp-block-image size-full\"><img loading=\"lazy\" decoding=\"async\" width=\"931\" height=\"541\" src=\"https:\/\/f1-lap-time.com\/wp-content\/uploads\/2024\/09\/HAA-2.png\" alt=\"\" class=\"wp-image-12772\" srcset=\"https:\/\/f1-lap-time.com\/wp-content\/uploads\/2024\/09\/HAA-2.png 931w, https:\/\/f1-lap-time.com\/wp-content\/uploads\/2024\/09\/HAA-2-300x174.png 300w, https:\/\/f1-lap-time.com\/wp-content\/uploads\/2024\/09\/HAA-2-768x446.png 768w\" sizes=\"auto, (max-width: 931px) 100vw, 931px\" \/><\/figure>\n\n\n\n<figure class=\"wp-block-image size-full\"><img loading=\"lazy\" decoding=\"async\" width=\"931\" height=\"541\" src=\"https:\/\/f1-lap-time.com\/wp-content\/uploads\/2024\/09\/WIL-3.png\" alt=\"\" class=\"wp-image-12773\" srcset=\"https:\/\/f1-lap-time.com\/wp-content\/uploads\/2024\/09\/WIL-3.png 931w, https:\/\/f1-lap-time.com\/wp-content\/uploads\/2024\/09\/WIL-3-300x174.png 300w, https:\/\/f1-lap-time.com\/wp-content\/uploads\/2024\/09\/WIL-3-768x446.png 768w\" sizes=\"auto, (max-width: 931px) 100vw, 931px\" \/><\/figure>\n\n\n\n<figure class=\"wp-block-image size-full\"><img loading=\"lazy\" decoding=\"async\" width=\"931\" height=\"541\" src=\"https:\/\/f1-lap-time.com\/wp-content\/uploads\/2024\/09\/SAT-2.png\" alt=\"\" class=\"wp-image-12774\" srcset=\"https:\/\/f1-lap-time.com\/wp-content\/uploads\/2024\/09\/SAT-2.png 931w, https:\/\/f1-lap-time.com\/wp-content\/uploads\/2024\/09\/SAT-2-300x174.png 300w, https:\/\/f1-lap-time.com\/wp-content\/uploads\/2024\/09\/SAT-2-768x446.png 768w\" sizes=\"auto, (max-width: 931px) 100vw, 931px\" \/><\/figure>\n\n\n\n<figure class=\"wp-block-image size-full\"><img loading=\"lazy\" decoding=\"async\" width=\"931\" height=\"541\" src=\"https:\/\/f1-lap-time.com\/wp-content\/uploads\/2024\/09\/ALP-2.png\" alt=\"\" class=\"wp-image-12775\" srcset=\"https:\/\/f1-lap-time.com\/wp-content\/uploads\/2024\/09\/ALP-2.png 931w, https:\/\/f1-lap-time.com\/wp-content\/uploads\/2024\/09\/ALP-2-300x174.png 300w, https:\/\/f1-lap-time.com\/wp-content\/uploads\/2024\/09\/ALP-2-768x446.png 768w\" sizes=\"auto, (max-width: 931px) 100vw, 931px\" \/><\/figure>\n\n\n\n<figure class=\"wp-block-image size-full\"><img loading=\"lazy\" decoding=\"async\" width=\"931\" height=\"541\" src=\"https:\/\/f1-lap-time.com\/wp-content\/uploads\/2024\/09\/SAU-2.png\" alt=\"\" class=\"wp-image-12776\" srcset=\"https:\/\/f1-lap-time.com\/wp-content\/uploads\/2024\/09\/SAU-2.png 931w, https:\/\/f1-lap-time.com\/wp-content\/uploads\/2024\/09\/SAU-2-300x174.png 300w, https:\/\/f1-lap-time.com\/wp-content\/uploads\/2024\/09\/SAU-2-768x446.png 768w\" sizes=\"auto, (max-width: 931px) 100vw, 931px\" \/><\/figure>\n\n\n\n<p class=\"has-text-align-right\">Writer: Takumi<\/p>\n<!-- AddThis Advanced Settings generic via filter on the_content --><!-- AddThis Share Buttons generic via filter on the_content -->","protected":false},"excerpt":{"rendered":"<p>1. \u5206\u6790\u7d50\u679c \u3000\u30bf\u30a4\u30e4\u30fb\u71c3\u6599\u30fb\u30c0\u30fc\u30c6\u30a3\u30a8\u30a2\u3084\u5168\u529b\u3067\u8d70\u308b\u5fc5\u8981\u6027\u306a\u3069\u306e\u8af8\u6761\u4ef6\u3092\u8003\u616e\u306b\u5165\u308c\u308b\u3068\u3001\u30ec\u30fc\u30b9\u5168\u4f53\u3067\u306e\u30da\u30fc\u30b9\u306e\u529b\u95a2\u4fc2\u306b\u3064\u3044\u3066\u4ee5\u4e0b\u306e\u3053\u3068\u304c\u8a00\u3048\u305f\u3002 \u88681 \u30df\u30c7\u30a3\u30a2\u30e0\u30bf\u30a4\u30e4\u3067\u306e\u30ec\u30fc\u30b9\u30da\u30fc\u30b9 1 \u3000 \u88682 \u30df\u30c7\u30a3\u30a2\u30e0\u30bf\u30a4\u30e4 [&hellip;]<!-- AddThis Advanced Settings generic via filter on get_the_excerpt --><!-- AddThis Share Buttons generic via filter on get_the_excerpt --><\/p>\n","protected":false},"author":1,"featured_media":0,"parent":11707,"menu_order":53,"comment_status":"closed","ping_status":"closed","template":"","meta":{"footnotes":""},"class_list":["post-12753","page","type-page","status-publish","hentry"],"aioseo_notices":[],"_links":{"self":[{"href":"https:\/\/f1-lap-time.com\/index.php?rest_route=\/wp\/v2\/pages\/12753","targetHints":{"allow":["GET"]}}],"collection":[{"href":"https:\/\/f1-lap-time.com\/index.php?rest_route=\/wp\/v2\/pages"}],"about":[{"href":"https:\/\/f1-lap-time.com\/index.php?rest_route=\/wp\/v2\/types\/page"}],"author":[{"embeddable":true,"href":"https:\/\/f1-lap-time.com\/index.php?rest_route=\/wp\/v2\/users\/1"}],"replies":[{"embeddable":true,"href":"https:\/\/f1-lap-time.com\/index.php?rest_route=%2Fwp%2Fv2%2Fcomments&post=12753"}],"version-history":[{"count":2,"href":"https:\/\/f1-lap-time.com\/index.php?rest_route=\/wp\/v2\/pages\/12753\/revisions"}],"predecessor-version":[{"id":12780,"href":"https:\/\/f1-lap-time.com\/index.php?rest_route=\/wp\/v2\/pages\/12753\/revisions\/12780"}],"up":[{"embeddable":true,"href":"https:\/\/f1-lap-time.com\/index.php?rest_route=\/wp\/v2\/pages\/11707"}],"wp:attachment":[{"href":"https:\/\/f1-lap-time.com\/index.php?rest_route=%2Fwp%2Fv2%2Fmedia&parent=12753"}],"curies":[{"name":"wp","href":"https:\/\/api.w.org\/{rel}","templated":true}]}}