{"id":12676,"date":"2024-09-22T14:44:28","date_gmt":"2024-09-22T05:44:28","guid":{"rendered":"https:\/\/f1-lap-time.com\/?page_id=12676"},"modified":"2024-09-22T14:44:28","modified_gmt":"2024-09-22T05:44:28","slug":"2024%e5%b9%b4-%e3%82%a2%e3%82%bc%e3%83%ab%e3%83%90%e3%82%a4%e3%82%b8%e3%83%a3%e3%83%b3gp-%e3%83%ac%e3%83%bc%e3%82%b9%e3%83%9a%e3%83%bc%e3%82%b9%e5%88%86%e6%9e%90","status":"publish","type":"page","link":"https:\/\/f1-lap-time.com\/?page_id=12676","title":{"rendered":"2024\u5e74 \u30a2\u30bc\u30eb\u30d0\u30a4\u30b8\u30e3\u30f3GP \u30ec\u30fc\u30b9\u30da\u30fc\u30b9\u5206\u6790"},"content":{"rendered":"\n<h2 class=\"wp-block-heading\">1. \u5206\u6790\u7d50\u679c<\/h2>\n\n\n\n<p id=\"block-5f4754c6-f31a-4420-be00-8d9a47484333\">\u3000\u30bf\u30a4\u30e4\u30fb\u71c3\u6599\u30fb\u30c0\u30fc\u30c6\u30a3\u30a8\u30a2\u3084\u5168\u529b\u3067\u8d70\u308b\u5fc5\u8981\u6027\u306a\u3069\u306e\u8af8\u6761\u4ef6\u3092\u8003\u616e\u306b\u5165\u308c\u308b\u3068\u3001\u30ec\u30fc\u30b9\u5168\u4f53\u3067\u306e\u30da\u30fc\u30b9\u306e\u529b\u95a2\u4fc2\u306b\u3064\u3044\u3066\u4ee5\u4e0b\u306e\u3053\u3068\u304c\u8a00\u3048\u305f\u3002<\/p>\n\n\n\n<p class=\"has-text-align-center\">\u88681 \u30df\u30c7\u30a3\u30a2\u30e0\u30bf\u30a4\u30e4\u3067\u306e\u30ec\u30fc\u30b9\u30da\u30fc\u30b9<\/p>\n\n\n<div class=\"wp-block-image\">\n<figure class=\"aligncenter size-full is-resized\"><img loading=\"lazy\" decoding=\"async\" width=\"230\" height=\"520\" src=\"https:\/\/f1-lap-time.com\/wp-content\/uploads\/2024\/09\/\u30b9\u30af\u30ea\u30fc\u30f3\u30b7\u30e7\u30c3\u30c8-2024-09-22-11.45.09.png\" alt=\"\" class=\"wp-image-12678\" style=\"width:126px;height:undefinedpx\" srcset=\"https:\/\/f1-lap-time.com\/wp-content\/uploads\/2024\/09\/\u30b9\u30af\u30ea\u30fc\u30f3\u30b7\u30e7\u30c3\u30c8-2024-09-22-11.45.09.png 230w, https:\/\/f1-lap-time.com\/wp-content\/uploads\/2024\/09\/\u30b9\u30af\u30ea\u30fc\u30f3\u30b7\u30e7\u30c3\u30c8-2024-09-22-11.45.09-133x300.png 133w\" sizes=\"auto, (max-width: 230px) 100vw, 230px\" \/><\/figure>\n<\/div>\n\n\n<p>\u3000<\/p>\n\n\n\n<p class=\"has-text-align-center\">\u88682 \u30cf\u30fc\u30c9\u30bf\u30a4\u30e4\u3067\u306e\u30ec\u30fc\u30b9\u30da\u30fc\u30b9<\/p>\n\n\n<div class=\"wp-block-image\">\n<figure class=\"aligncenter size-full is-resized\"><img loading=\"lazy\" decoding=\"async\" width=\"230\" height=\"390\" src=\"https:\/\/f1-lap-time.com\/wp-content\/uploads\/2024\/09\/\u30b9\u30af\u30ea\u30fc\u30f3\u30b7\u30e7\u30c3\u30c8-2024-09-22-11.45.21.png\" alt=\"\" class=\"wp-image-12679\" style=\"width:126px;height:undefinedpx\" srcset=\"https:\/\/f1-lap-time.com\/wp-content\/uploads\/2024\/09\/\u30b9\u30af\u30ea\u30fc\u30f3\u30b7\u30e7\u30c3\u30c8-2024-09-22-11.45.21.png 230w, https:\/\/f1-lap-time.com\/wp-content\/uploads\/2024\/09\/\u30b9\u30af\u30ea\u30fc\u30f3\u30b7\u30e7\u30c3\u30c8-2024-09-22-11.45.21-177x300.png 177w\" sizes=\"auto, (max-width: 230px) 100vw, 230px\" \/><\/figure>\n<\/div>\n\n\n<p>\u3000<\/p>\n\n\n\n<p>\u3000\u3055\u3089\u306b\u3053\u308c\u3089\u3092\u7dcf\u5408\u3059\u308b\u3068\u3001\u30ec\u30fc\u30b9\u5168\u4f53\u3067\u306e\u30da\u30fc\u30b9\u306e\u529b\u95a2\u4fc2\u3082\u4ee5\u4e0b\u306e\u3088\u3046\u306b\u5927\u307e\u304b\u306b\u7406\u89e3\u3059\u308b\u3053\u3068\u304c\u3067\u304d\u308b\u3060\u308d\u3046\u3002<\/p>\n\n\n\n<p class=\"has-text-align-center\">\u88683 \u5168\u4f53\u306e\u30ec\u30fc\u30b9\u30da\u30fc\u30b9<\/p>\n\n\n<div class=\"wp-block-image\">\n<figure class=\"aligncenter size-full is-resized\"><img loading=\"lazy\" decoding=\"async\" width=\"230\" height=\"456\" src=\"https:\/\/f1-lap-time.com\/wp-content\/uploads\/2024\/09\/\u30b9\u30af\u30ea\u30fc\u30f3\u30b7\u30e7\u30c3\u30c8-2024-09-22-12.09.28.png\" alt=\"\" class=\"wp-image-12683\" style=\"width:126px;height:undefinedpx\" srcset=\"https:\/\/f1-lap-time.com\/wp-content\/uploads\/2024\/09\/\u30b9\u30af\u30ea\u30fc\u30f3\u30b7\u30e7\u30c3\u30c8-2024-09-22-12.09.28.png 230w, https:\/\/f1-lap-time.com\/wp-content\/uploads\/2024\/09\/\u30b9\u30af\u30ea\u30fc\u30f3\u30b7\u30e7\u30c3\u30c8-2024-09-22-12.09.28-151x300.png 151w\" sizes=\"auto, (max-width: 230px) 100vw, 230px\" \/><\/figure>\n<\/div>\n\n\n<p>\u3000<\/p>\n\n\n<div class=\"wp-block-image\">\n<figure class=\"aligncenter size-large\"><img loading=\"lazy\" decoding=\"async\" width=\"1024\" height=\"811\" src=\"https:\/\/f1-lap-time.com\/wp-content\/uploads\/2024\/09\/\u30b9\u30af\u30ea\u30fc\u30f3\u30b7\u30e7\u30c3\u30c8-2024-09-22-12.10.35-1024x811.png\" alt=\"\" class=\"wp-image-12684\" srcset=\"https:\/\/f1-lap-time.com\/wp-content\/uploads\/2024\/09\/\u30b9\u30af\u30ea\u30fc\u30f3\u30b7\u30e7\u30c3\u30c8-2024-09-22-12.10.35-1024x811.png 1024w, https:\/\/f1-lap-time.com\/wp-content\/uploads\/2024\/09\/\u30b9\u30af\u30ea\u30fc\u30f3\u30b7\u30e7\u30c3\u30c8-2024-09-22-12.10.35-300x237.png 300w, https:\/\/f1-lap-time.com\/wp-content\/uploads\/2024\/09\/\u30b9\u30af\u30ea\u30fc\u30f3\u30b7\u30e7\u30c3\u30c8-2024-09-22-12.10.35-768x608.png 768w, https:\/\/f1-lap-time.com\/wp-content\/uploads\/2024\/09\/\u30b9\u30af\u30ea\u30fc\u30f3\u30b7\u30e7\u30c3\u30c8-2024-09-22-12.10.35-1536x1216.png 1536w, https:\/\/f1-lap-time.com\/wp-content\/uploads\/2024\/09\/\u30b9\u30af\u30ea\u30fc\u30f3\u30b7\u30e7\u30c3\u30c8-2024-09-22-12.10.35.png 1996w\" sizes=\"auto, (max-width: 1024px) 100vw, 1024px\" \/><figcaption class=\"wp-element-caption\">\u56f31 \u5168\u4f53\u306e\u30ec\u30fc\u30b9\u30da\u30fc\u30b9\uff08visualized\uff09<\/figcaption><\/figure>\n<\/div>\n\n\n<p class=\"has-medium-font-size\"><strong>1.1. \u512a\u52dd\u4e89\u3044<\/strong><\/p>\n\n\n\n<p>\u3000\u5206\u6790\u5185\u5bb9\u3067\u8ff0\u3079\u305f\u3068\u304a\u308a\u3001\u30b5\u30a4\u30f3\u30c4\u306f\u7b2c2\u30b9\u30c6\u30a3\u30f3\u30c8\u3067\u30d4\u30a2\u30b9\u30c8\u30ea\u3088\u308a1\u5468\u3060\u3051\u3092\u898b\u308c\u30700.1\u79d2\u9045\u304f\u8d70\u308b\u3053\u3068\u3067\u30bf\u30a4\u30e4\u3092\u52b4\u308a\u3001\u30c7\u30b0\u30e9\u30c7\u30fc\u30b7\u30e7\u30f3\u30920.02[s\/lap]\u6291\u3048\u308b\u3053\u3068\u3067\u300133\u5468\u306e\u30b9\u30c6\u30a3\u30f3\u30c8\u3092\u524d\u63d0\u3068\u3057\u305f\u5834\u5408\u306b1\u5468\u3042\u305f\u308a\u306e\u5e73\u5747\u30670.2\u79d2\u901f\u304f\u8d70\u308b\u3053\u3068\u304c\u3067\u304d\u305f\u3002\u7b2c1\u30b9\u30c6\u30a3\u30f3\u30c8\u3067\u306e\u30da\u30fc\u30b9\u306f\u4e92\u89d2\u3060\u3063\u305f\u3060\u3051\u306b\u3001\u30d4\u30a2\u30b9\u30c8\u30ea\u306f\u30b9\u30c6\u30a3\u30f3\u30c8\u306e\u5e8f\u76e4\u3067\u98db\u3070\u3057\u305f\u3053\u3068\u3067\u7b2c2\u30b9\u30c6\u30a3\u30f3\u30c8\u306e\u30c8\u30fc\u30bf\u30eb\u306e\u30da\u30fc\u30b9\u306b\u652f\u969c\u3092\u304d\u305f\u3057\u305f\u3068\u3082\u8a00\u3048\u308b\u3002<\/p>\n\n\n\n<p>\u3000\u4e00\u65b9\u306e\u30eb\u30af\u30ec\u30fc\u30eb\u306f\u30b5\u30a4\u30f3\u30c4\u3068\u540c\u69d8\u306e\u30a2\u30d7\u30ed\u30fc\u30c1\u3092\u63a1\u3063\u3066\u3044\u305f\u3068\u8003\u3048\u3089\u308c\u3001\u30b9\u30c6\u30a3\u30f3\u30c8\u5168\u4f53\u306e\u30da\u30fc\u30b9\u3060\u3051\u3092\u898b\u308c\u3070\u30eb\u30af\u30ec\u30fc\u30eb\u9663\u55b6\u304c\u6b63\u89e3\u3060\u3063\u305f\u306f\u305a\u3060\u3002\u3057\u304b\u3057\u3001\u30ec\u30fc\u30b9\u306f\u5358\u72ec\u8d70\u884c\u3067\u306f\u306a\u304f\u3001\u30af\u30ea\u30a2\u30a8\u30a2\u3092\u5f97\u308b\u3053\u3068\u304c\u5927\u304d\u306a\u30a2\u30c9\u30d0\u30f3\u30c6\u30fc\u30b8\u306b\u306a\u308a\u5f97\u308b\u3002\u305d\u306e\u3053\u3068\u3092\u660e\u793a\u3057\u305f\u4eca\u56de\u306e\u30d4\u30a2\u30b9\u30c8\u30ea\u306e\u898b\u4e8b\u306a\u5224\u65ad\u3060\u3063\u305f\u3068\u8a00\u3048\u308b\u3060\u308d\u3046\u3002<\/p>\n\n\n\n<p>\u3000\u307e\u305f\u3001\u3053\u308c\u3060\u3051\u5404\u6240\u3067\u30af\u30ea\u30a2\u30a8\u30a2\u306e\u30bf\u30a4\u30e4\u30de\u30cd\u30b8\u30e1\u30f3\u30c8\u306b\u304a\u3051\u308b\u512a\u4f4d\u6027\u304c\u57a3\u9593\u898b\u3048\u305f\u4e2d\u3067\u306f\u3001\u30eb\u30af\u30ec\u30fc\u30eb\u304c\u30d4\u30a2\u30b9\u30c8\u30ea\u306b\u629c\u304b\u308c\u305f\u76f4\u5f8c\u306b\u30da\u30fc\u30b9\u3092\u843d\u3068\u3057\u3066\u30bf\u30a4\u30e4\u30de\u30cd\u30b8\u30e1\u30f3\u30c8\u306b\u5fb9\u3057\u3066\u3044\u305f\u3089\u3069\u3046\u306a\u3063\u3066\u3044\u305f\u3060\u308d\u3046\u304b\uff1f\u3068\u3044\u3046\u70b9\u306f\u6c17\u306b\u306a\u308b\u6240\u3060\u3002\u30ec\u30fc\u30b9\u7d42\u76e4\u3067\u306e\u30b5\u30a4\u30f3\u30c4\u306f\u30d4\u30a2\u30b9\u30c8\u30ea\u3088\u308a0.5\u79d2\u307b\u3069\u901f\u304f\u3001\u30eb\u30af\u30ec\u30fc\u30eb\u306f\u3055\u3089\u306b\u305d\u308c\u3092\u4e0a\u56de\u308b\u30da\u30fc\u30b9\u3092\u898b\u305b\u3066\u3044\u305f\u3068\u4e88\u60f3\u3055\u308c\u308b\u305f\u3081\u3001\u629c\u304d\u8fd4\u305b\u3066\u3044\u305f\u53ef\u80fd\u6027\u306f\u304b\u306a\u308a\u9ad8\u304b\u3063\u305f\u3088\u3046\u306b\u601d\u3048\u308b\u3002<\/p>\n\n\n\n<p class=\"has-medium-font-size\"><strong>1.2. \u30a2\u30ed\u30f3\u30bd\u306e\u30bf\u30a4\u30e4\u30de\u30cd\u30b8\u30e1\u30f3\u30c8<\/strong><\/p>\n\n\n\n<p>\u30003\u9805\u4ee5\u964d\u306e\u30b0\u30e9\u30d5\u304b\u3089\u8aad\u307f\u53d6\u308c\u308b\u901a\u308a\u3001\u30a2\u30ed\u30f3\u30bd\u304c\u7b2c2\u30b9\u30c6\u30a3\u30f3\u30c8\u3067\u307b\u307c0.00[s\/lap]\u306e\u30c7\u30b0\u30e9\u30c7\u30fc\u30b7\u30e7\u30f3\u3092\u5b9f\u73fe\u3057\u305f\u3002\u30a2\u30eb\u30dc\u30f3\u3092\u898b\u306a\u304c\u3089\u306e\u30ec\u30fc\u30b9\u3067\u3042\u3063\u305f\u3068\u60f3\u50cf\u3055\u308c\u308b\u304c\u3001\u5148\u307b\u3069\u3068\u540c\u3058\u66f8\u304d\u65b9\u3092\u3059\u308b\u3068\u3001\u30b9\u30c8\u30ed\u30fc\u30eb\u3088\u308a1\u5468\u3060\u3051\u3092\u898b\u308c\u30700.3\u79d2\u9045\u304f\u8d70\u308b\u3053\u3068\u3067\u30bf\u30a4\u30e4\u3092\u52b4\u308a\u3001\u30c7\u30b0\u30e9\u30c7\u30fc\u30b7\u30e7\u30f3\u30920.07[s\/lap]\u6291\u3048\u308b\u3053\u3068\u3067\u300129\u5468\u306e\u30b9\u30c6\u30a3\u30f3\u30c8\u3092\u524d\u63d0\u3068\u3057\u305f\u5834\u5408\u306b1\u5468\u3042\u305f\u308a\u306e\u5e73\u5747\u30670.7\u79d2\u901f\u304f\u8d70\u308b\u3053\u3068\u304c\u3067\u304d\u305f\u3002\u4e2d\u76e4\u6226\u3067\u4e0d\u8abf\u304c\u5fc3\u914d\u3055\u308c\u305f\u30a2\u30ed\u30f3\u30bd\u3060\u304c\u3001\u6700\u8fd1\u306f\u660e\u78ba\u306b\u5fa9\u8abf\u3057\u3066\u304d\u305f\u3068\u65ad\u8a00\u3057\u3066\u826f\u3055\u305d\u3046\u3060\u3002<\/p>\n\n\n\n<p class=\"has-medium-font-size\">\u203b<strong>\u6ce8\u610f\u70b9<\/strong><\/p>\n\n\n\n<p>\u3000\u30d4\u30a2\u30b9\u30c8\u30ea\u306f\u30df\u30c7\u30a3\u30a2\u30e0\u3067\u30b5\u30a4\u30f3\u30c4\u3068\u4e92\u89d2\u3001\u30cf\u30fc\u30c9\u30670.2\u79d2\u843d\u3061\u306e\u305f\u3081\u3001\u5e73\u5747\u30670.1\u79d2\u843d\u3061\u3068\u3057\u305f\u3002\u30a2\u30ed\u30f3\u30bd\u306f\u30b5\u30a4\u30f3\u30c4\u304b\u3089\u30df\u30c7\u30a3\u30a2\u30e0\u30670.9\u79d2\u3001\u30cf\u30fc\u30c9\u30670.8\u79d2\u843d\u3061\u3067\u3001\u30cf\u30fc\u30c9\u306e\u65b9\u304c\u30ec\u30fc\u30b9\u5168\u4f53\u306b\u5360\u3081\u308b\u5272\u5408\u304c\u9ad8\u304b\u3063\u305f\u3053\u3068\u304b\u3089\u3001\u56db\u6368\u4e94\u5165\u3067\u306f\u306a\u304f\u3001\u5207\u308a\u6368\u3066\u3068\u3057\u305f\u3002<\/p>\n\n\n\n<h2 class=\"wp-block-heading\" id=\"2-\u30ec\u30fc\u30b9\u30da\u30fc\u30b9\u306e\u5206\u6790\">2. \u5206\u6790\u65b9\u6cd5\u306b\u3064\u3044\u3066<\/h2>\n\n\n\n<p>\u3000\u30d5\u30e5\u30fc\u30a8\u30eb\u30a8\u30d5\u30a7\u30af\u30c8\u306f0.07[s\/lap]\u3068\u3057\u3001\u30b0\u30e9\u30d5\u306e\u50be\u304d\u304b\u3089\u30c7\u30b0\u30e9\u30c7\u30fc\u30b7\u30e7\u30f3\u5024\u3092\u7b97\u51fa\u3002\u30c9\u30e9\u30a4\u30b3\u30f3\u30c7\u30a3\u30b7\u30e7\u30f3\u306b\u9650\u5b9a\u3002\u30bf\u30a4\u30e4\u306e\u5c65\u6b74\u304b\u3089\u30a4\u30b3\u30fc\u30eb\u30b3\u30f3\u30c7\u30a3\u30b7\u30e7\u30f3\u3067\u306e\u30ec\u30fc\u30b9\u30da\u30fc\u30b9\u3092\u5c0e\u51fa\u3057\u305f\u3002\u307e\u305f\u3001\u30af\u30ea\u30a2\u30fb\u30c0\u30fc\u30c6\u30a3\u30a8\u30a2\u3084\u30ec\u30fc\u30b9\u306e\u6587\u8108\u3082\u8003\u616e\u3057\u3066\u3044\u308b\u3002\u5b9a\u91cf\u7684\u306b\u5c0e\u51fa\u3067\u304d\u306a\u3044\u30c9\u30e9\u30a4\u30d0\u30fc\u306b\u3064\u3044\u3066\u306f\u7d50\u8ad6\u3092\u51fa\u3055\u305a\u3001\u4fe1\u983c\u3067\u304d\u308b\u6570\u5b57\u306e\u307f\u3092\u516c\u958b\u3059\u308b\u65b9\u91dd\u3068\u3057\u3066\u3044\u308b\u3002<\/p>\n\n\n\n<p> \u5404\u30c9\u30e9\u30a4\u30d0\u30fc\u306e\u4f7f\u7528\u30bf\u30a4\u30e4\u306f\u30d4\u30ec\u30ea\u516c\u5f0f\u3088\u308a<\/p>\n\n\n\n<p><a href=\"https:\/\/twitter.com\/pirellisport\/status\/1835355765776711748\/photo\/1\">https:\/\/twitter.com\/pirellisport\/status\/1835355765776711748\/photo\/1<\/a><\/p>\n\n\n\n<p>\u3000\u4eca\u56de\u306f\u4e88\u9078\u3067\u4f7f\u7528\u3057\u305f\u30bd\u30d5\u30c8\u3068\u65b0\u54c1\u30bd\u30d5\u30c8\u306e\u5dee\u3001\u30b9\u30af\u30e9\u30d6\u6e08\u307f\u3068\u65b0\u54c1\u306e\u30df\u30c7\u30a3\u30a2\u30e0\u30fb\u30cf\u30fc\u30c9\u306e\u5dee\u306f\u7121\u8996\u3059\u308b\u3053\u3068\u3068\u3057\u305f\u3002<\/p>\n\n\n\n<h2 class=\"wp-block-heading\">3. \u5206\u6790\u5185\u5bb9\u306e\u30cf\u30a4\u30e9\u30a4\u30c8<\/h2>\n\n\n\n<p>\u3000\u4ee5\u4e0b\u306b\u5206\u6790\u5185\u5bb9\u306e\u4e00\u90e8\u3092\u63b2\u8f09\u3059\u308b\u3002\u540c\u3058\u3088\u3046\u306a\u8a08\u7b97\u306b\u306a\u308b\u3082\u306e\u306f\u5272\u611b\u3057\u305f\u3002<\/p>\n\n\n\n<figure class=\"wp-block-image size-full\"><img loading=\"lazy\" decoding=\"async\" width=\"931\" height=\"541\" src=\"https:\/\/f1-lap-time.com\/wp-content\/uploads\/2024\/09\/1.png\" alt=\"\" class=\"wp-image-12685\" srcset=\"https:\/\/f1-lap-time.com\/wp-content\/uploads\/2024\/09\/1.png 931w, https:\/\/f1-lap-time.com\/wp-content\/uploads\/2024\/09\/1-300x174.png 300w, https:\/\/f1-lap-time.com\/wp-content\/uploads\/2024\/09\/1-768x446.png 768w\" sizes=\"auto, (max-width: 931px) 100vw, 931px\" \/><\/figure>\n\n\n\n<figure class=\"wp-block-image size-full\"><img loading=\"lazy\" decoding=\"async\" width=\"931\" height=\"541\" src=\"https:\/\/f1-lap-time.com\/wp-content\/uploads\/2024\/09\/2.png\" alt=\"\" class=\"wp-image-12686\" srcset=\"https:\/\/f1-lap-time.com\/wp-content\/uploads\/2024\/09\/2.png 931w, https:\/\/f1-lap-time.com\/wp-content\/uploads\/2024\/09\/2-300x174.png 300w, https:\/\/f1-lap-time.com\/wp-content\/uploads\/2024\/09\/2-768x446.png 768w\" sizes=\"auto, (max-width: 931px) 100vw, 931px\" \/><\/figure>\n\n\n\n<p>\u3000\u7b2c1\u30b9\u30c6\u30a3\u30f3\u30c8\u306b\u3064\u3044\u3066\u306f\u3001\u5404\u8eca\u81ea\u5206\u306e\u30da\u30fc\u30b9\u3067\u8d70\u308c\u3066\u3044\u308b\u90e8\u5206\u3092\u3001\u5358\u7d14\u306b\u305d\u308c\u305e\u308c\u6bd4\u8f03\u3057\u3066\u3044\u3063\u305f\u3002<\/p>\n\n\n\n<figure class=\"wp-block-image size-full\"><img loading=\"lazy\" decoding=\"async\" width=\"931\" height=\"541\" src=\"https:\/\/f1-lap-time.com\/wp-content\/uploads\/2024\/09\/3.png\" alt=\"\" class=\"wp-image-12687\" srcset=\"https:\/\/f1-lap-time.com\/wp-content\/uploads\/2024\/09\/3.png 931w, https:\/\/f1-lap-time.com\/wp-content\/uploads\/2024\/09\/3-300x174.png 300w, https:\/\/f1-lap-time.com\/wp-content\/uploads\/2024\/09\/3-768x446.png 768w\" sizes=\"auto, (max-width: 931px) 100vw, 931px\" \/><\/figure>\n\n\n\n<figure class=\"wp-block-image size-full\"><img loading=\"lazy\" decoding=\"async\" width=\"931\" height=\"541\" src=\"https:\/\/f1-lap-time.com\/wp-content\/uploads\/2024\/09\/AMR.png\" alt=\"\" class=\"wp-image-12688\" srcset=\"https:\/\/f1-lap-time.com\/wp-content\/uploads\/2024\/09\/AMR.png 931w, https:\/\/f1-lap-time.com\/wp-content\/uploads\/2024\/09\/AMR-300x174.png 300w, https:\/\/f1-lap-time.com\/wp-content\/uploads\/2024\/09\/AMR-768x446.png 768w\" sizes=\"auto, (max-width: 931px) 100vw, 931px\" \/><\/figure>\n\n\n\n<p>\u3000\u7b2c2\u30b9\u30c6\u30a3\u30f3\u30c8\u306b\u3064\u3044\u3066\u306f\u3001\u30bf\u30a4\u30e4\u306e\u30c7\u30b0\u30e9\u30c7\u30fc\u30b7\u30e7\u30f3\u3092\u8003\u616e\u3057\u3066\u8a08\u7b97\u3057\u305f\u3002\u4f8b\u3068\u3057\u3066\u30d4\u30a2\u30b9\u30c8\u30ea\u3068\u30b5\u30a4\u30f3\u30c4\u306e\u6bd4\u8f03\u3092\u8003\u3048\u3066\u307f\u3088\u3046\u3002<\/p>\n\n\n\n<p>\u300019~47\u5468\u76ee\u306e29\u5468\u306e\u533a\u9593\u306b\u304a\u3044\u3066\u3001\uff08\u30c0\u30fc\u30c6\u30a3\u30a8\u30a2\u306a\u3069\u3067\u843d\u3061\u3066\u3044\u308b\u5468\u306f\u9664\u304f\uff09\u5e73\u5747\u30e9\u30c3\u30d7\u30bf\u30a4\u30e0\u306f\u30b5\u30a4\u30f3\u30c4\u306f0.29\u79d2\u901f\u3044\u3002\u305d\u3057\u3066\u30d4\u30a2\u30b9\u30c8\u30ea\u306e\u30bf\u30a4\u30e4\u304c2\u5468\u53e4\u304f\u3001\u30c7\u30b0\u30e9\u30c7\u30fc\u30b7\u30e7\u30f3\u306f\uff08\u898b\u89e3\u304c\u5206\u304b\u308c\u308b\u3060\u308d\u3046\u304c\uff09\u30d4\u30a2\u30b9\u30c8\u30ea\u304c0.07[s\/lap]\u3001\u30b5\u30a4\u30f3\u30c4\u304c0.05[s\/lap]\u3068\u8aad\u3081\u308b\u305f\u3081\u3001\u3053\u306e\u533a\u9593\u306b\u304a\u3051\u308b\u30d4\u30a2\u30b9\u30c8\u30ea\u306e\u30bf\u30a4\u30e4\u306e\u4e0d\u5229\u306f0.07\u00d72+(0.07-0.05)\u00d729\u00d71\/2=0.43[s]\u3068\u306a\u308b\u3002\u3088\u3063\u3066\u65b0\u54c1\u30bf\u30a4\u30e4\u3067\u306e\u529b\u95a2\u4fc2\u306f\u3001\u30d4\u30a2\u30b9\u30c8\u30ea\u304c\u30b5\u30a4\u30f3\u30c4\u3088\u308a\u3082-0.29\uff0b0.43=0.14[s]\u901f\u3044\u3053\u3068\u306b\u306a\u308b\u3002\u3053\u3053\u304b\u30891\u5468\u3054\u3068\u306b0.02[s\/lap]\u306e\u30c7\u30b0\u30e9\u30c7\u30fc\u30b7\u30e7\u30f3\u304c\u52b9\u3044\u3066\u304f\u308b\u4e2d\u3067\u3001\u30c1\u30a7\u30c3\u30ab\u30fc\u30d5\u30e9\u30c3\u30b0\u307e\u3067\u306e33\u5468\u3092\u8d70\u308a\u5207\u3063\u305f\u3068\u3059\u308b\u3068\u3001\u30d4\u30a2\u30b9\u30c8\u30ea\u306e\u30da\u30fc\u30b9\u30a2\u30c9\u30d0\u30f3\u30c6\u30fc\u30b8\u306f0.14-0.02\u00d733\u00d71\/2=-0.19[s]\u3068\u306a\u308a\u3001\u56db\u6368\u4e94\u5165\u3057\u30660.2\u79d2\u3068\u5c0e\u51fa\u3057\u305f\u3002\u3053\u308c\u306f\u300c\u30b5\u30a4\u30f3\u30c4\u304c\u30d4\u30a2\u30b9\u30c8\u30ea\u3088\u308a\u30820.1\uff080.14\uff09\u79d2\u9045\u304f\u8d70\u308b\u3053\u3068\u3067\u30010.02\u79d2\u3076\u3093\u5c0f\u3055\u3044\u30c7\u30b0\u30e9\u30c7\u30fc\u30b7\u30e7\u30f3\u3092\u5b9f\u73fe\u3057\u300133\u5468\u306e\u30b9\u30c6\u30a3\u30f3\u30c8\u3092\u524d\u63d0\u3068\u3057\u305f\u969b\u306b\u30c8\u30fc\u30bf\u30eb0.2\u79d2\u901f\u304f\u8d70\u308b\u3053\u3068\u304c\u3067\u304d\u305f\u3002\u300d\u3068\u30b5\u30de\u30e9\u30a4\u30ba\u3059\u308b\u3053\u3068\u304c\u3067\u304d\u308b\u3002<\/p>\n\n\n\n<p>\u3000\u4ed6\u306e\u30a2\u30ed\u30f3\u30bd-\u30b9\u30c8\u30ed\u30fc\u30eb\u3001\u30d4\u30a2\u30b9\u30c8\u30ea-\u30a2\u30ed\u30f3\u30bd\u3001\u30d4\u30a2\u30b9\u30c8\u30ea-\u30dc\u30c3\u30bf\u30b9\u3082\u540c\u69d8\u306b\u8a08\u7b97\u3057\u305f\u3002\u30a2\u30ed\u30f3\u30bd\u3068\u30b9\u30c8\u30ed\u30fc\u30eb\u306e\u6bd4\u8f03\u533a\u9593\uff0824~39\u5468\u76ee\uff09\u3067\u30a2\u30ed\u30f3\u30bd\u304c\u30c0\u30fc\u30c6\u30a3\u30a8\u30a2\u306e\u5f71\u97ff\u3092\u53d7\u3051\u3066\u3044\u308b\u304c\u3001\u30b0\u30e9\u30d5\u304c\u7dba\u9e97\u306a\u7dda\u5f62\u306b\u8fd1\u3044\u305f\u3081\u3001\u88dc\u5b8c\u3057\u3066\u8a08\u7b97\u3067\u304d\u305f\u3002<\/p>\n\n\n\n<h2 class=\"wp-block-heading\">4. \u5168\u30c1\u30fc\u30e0\u306e\u30ec\u30fc\u30b9\u30da\u30fc\u30b9\u30b0\u30e9\u30d5<\/h2>\n\n\n\n<figure class=\"wp-block-image size-full\"><img loading=\"lazy\" decoding=\"async\" width=\"931\" height=\"541\" src=\"https:\/\/f1-lap-time.com\/wp-content\/uploads\/2024\/09\/MCL-1.png\" alt=\"\" class=\"wp-image-12701\" srcset=\"https:\/\/f1-lap-time.com\/wp-content\/uploads\/2024\/09\/MCL-1.png 931w, https:\/\/f1-lap-time.com\/wp-content\/uploads\/2024\/09\/MCL-1-300x174.png 300w, https:\/\/f1-lap-time.com\/wp-content\/uploads\/2024\/09\/MCL-1-768x446.png 768w\" sizes=\"auto, (max-width: 931px) 100vw, 931px\" \/><\/figure>\n\n\n\n<figure class=\"wp-block-image size-full\"><img loading=\"lazy\" decoding=\"async\" width=\"931\" height=\"541\" src=\"https:\/\/f1-lap-time.com\/wp-content\/uploads\/2024\/09\/FER-1.png\" alt=\"\" class=\"wp-image-12702\" srcset=\"https:\/\/f1-lap-time.com\/wp-content\/uploads\/2024\/09\/FER-1.png 931w, https:\/\/f1-lap-time.com\/wp-content\/uploads\/2024\/09\/FER-1-300x174.png 300w, https:\/\/f1-lap-time.com\/wp-content\/uploads\/2024\/09\/FER-1-768x446.png 768w\" sizes=\"auto, (max-width: 931px) 100vw, 931px\" \/><\/figure>\n\n\n\n<figure class=\"wp-block-image size-full\"><img loading=\"lazy\" decoding=\"async\" width=\"931\" height=\"541\" src=\"https:\/\/f1-lap-time.com\/wp-content\/uploads\/2024\/09\/MER-1.png\" alt=\"\" class=\"wp-image-12703\" srcset=\"https:\/\/f1-lap-time.com\/wp-content\/uploads\/2024\/09\/MER-1.png 931w, https:\/\/f1-lap-time.com\/wp-content\/uploads\/2024\/09\/MER-1-300x174.png 300w, https:\/\/f1-lap-time.com\/wp-content\/uploads\/2024\/09\/MER-1-768x446.png 768w\" sizes=\"auto, (max-width: 931px) 100vw, 931px\" \/><\/figure>\n\n\n\n<figure class=\"wp-block-image size-full\"><img loading=\"lazy\" decoding=\"async\" width=\"931\" height=\"541\" src=\"https:\/\/f1-lap-time.com\/wp-content\/uploads\/2024\/09\/RBR-1.png\" alt=\"\" class=\"wp-image-12704\" srcset=\"https:\/\/f1-lap-time.com\/wp-content\/uploads\/2024\/09\/RBR-1.png 931w, https:\/\/f1-lap-time.com\/wp-content\/uploads\/2024\/09\/RBR-1-300x174.png 300w, https:\/\/f1-lap-time.com\/wp-content\/uploads\/2024\/09\/RBR-1-768x446.png 768w\" sizes=\"auto, (max-width: 931px) 100vw, 931px\" \/><\/figure>\n\n\n\n<figure class=\"wp-block-image size-full\"><img loading=\"lazy\" decoding=\"async\" width=\"931\" height=\"541\" src=\"https:\/\/f1-lap-time.com\/wp-content\/uploads\/2024\/09\/AMR-2.png\" alt=\"\" class=\"wp-image-12705\" srcset=\"https:\/\/f1-lap-time.com\/wp-content\/uploads\/2024\/09\/AMR-2.png 931w, https:\/\/f1-lap-time.com\/wp-content\/uploads\/2024\/09\/AMR-2-300x174.png 300w, https:\/\/f1-lap-time.com\/wp-content\/uploads\/2024\/09\/AMR-2-768x446.png 768w\" sizes=\"auto, (max-width: 931px) 100vw, 931px\" \/><\/figure>\n\n\n\n<figure class=\"wp-block-image size-full\"><img loading=\"lazy\" decoding=\"async\" width=\"931\" height=\"541\" src=\"https:\/\/f1-lap-time.com\/wp-content\/uploads\/2024\/09\/WIL-2.png\" alt=\"\" class=\"wp-image-12706\" srcset=\"https:\/\/f1-lap-time.com\/wp-content\/uploads\/2024\/09\/WIL-2.png 931w, https:\/\/f1-lap-time.com\/wp-content\/uploads\/2024\/09\/WIL-2-300x174.png 300w, https:\/\/f1-lap-time.com\/wp-content\/uploads\/2024\/09\/WIL-2-768x446.png 768w\" sizes=\"auto, (max-width: 931px) 100vw, 931px\" \/><\/figure>\n\n\n\n<figure class=\"wp-block-image size-full\"><img loading=\"lazy\" decoding=\"async\" width=\"931\" height=\"541\" src=\"https:\/\/f1-lap-time.com\/wp-content\/uploads\/2024\/09\/HAA-1.png\" alt=\"\" class=\"wp-image-12707\" srcset=\"https:\/\/f1-lap-time.com\/wp-content\/uploads\/2024\/09\/HAA-1.png 931w, https:\/\/f1-lap-time.com\/wp-content\/uploads\/2024\/09\/HAA-1-300x174.png 300w, https:\/\/f1-lap-time.com\/wp-content\/uploads\/2024\/09\/HAA-1-768x446.png 768w\" sizes=\"auto, (max-width: 931px) 100vw, 931px\" \/><\/figure>\n\n\n\n<figure class=\"wp-block-image size-full\"><img loading=\"lazy\" decoding=\"async\" width=\"931\" height=\"541\" src=\"https:\/\/f1-lap-time.com\/wp-content\/uploads\/2024\/09\/ALP-1.png\" alt=\"\" class=\"wp-image-12708\" srcset=\"https:\/\/f1-lap-time.com\/wp-content\/uploads\/2024\/09\/ALP-1.png 931w, https:\/\/f1-lap-time.com\/wp-content\/uploads\/2024\/09\/ALP-1-300x174.png 300w, https:\/\/f1-lap-time.com\/wp-content\/uploads\/2024\/09\/ALP-1-768x446.png 768w\" sizes=\"auto, (max-width: 931px) 100vw, 931px\" \/><\/figure>\n\n\n\n<figure class=\"wp-block-image size-full\"><img loading=\"lazy\" decoding=\"async\" width=\"931\" height=\"541\" src=\"https:\/\/f1-lap-time.com\/wp-content\/uploads\/2024\/09\/SAT-1.png\" alt=\"\" class=\"wp-image-12709\" srcset=\"https:\/\/f1-lap-time.com\/wp-content\/uploads\/2024\/09\/SAT-1.png 931w, https:\/\/f1-lap-time.com\/wp-content\/uploads\/2024\/09\/SAT-1-300x174.png 300w, https:\/\/f1-lap-time.com\/wp-content\/uploads\/2024\/09\/SAT-1-768x446.png 768w\" sizes=\"auto, (max-width: 931px) 100vw, 931px\" \/><\/figure>\n\n\n\n<figure class=\"wp-block-image size-full\"><img loading=\"lazy\" decoding=\"async\" width=\"931\" height=\"541\" src=\"https:\/\/f1-lap-time.com\/wp-content\/uploads\/2024\/09\/SAU-1.png\" alt=\"\" class=\"wp-image-12710\" srcset=\"https:\/\/f1-lap-time.com\/wp-content\/uploads\/2024\/09\/SAU-1.png 931w, https:\/\/f1-lap-time.com\/wp-content\/uploads\/2024\/09\/SAU-1-300x174.png 300w, https:\/\/f1-lap-time.com\/wp-content\/uploads\/2024\/09\/SAU-1-768x446.png 768w\" sizes=\"auto, (max-width: 931px) 100vw, 931px\" \/><\/figure>\n\n\n\n<p class=\"has-text-align-right\">Writer: Takumi<\/p>\n<!-- AddThis Advanced Settings generic via filter on the_content --><!-- AddThis Share Buttons generic via filter on the_content -->","protected":false},"excerpt":{"rendered":"<p>1. \u5206\u6790\u7d50\u679c \u3000\u30bf\u30a4\u30e4\u30fb\u71c3\u6599\u30fb\u30c0\u30fc\u30c6\u30a3\u30a8\u30a2\u3084\u5168\u529b\u3067\u8d70\u308b\u5fc5\u8981\u6027\u306a\u3069\u306e\u8af8\u6761\u4ef6\u3092\u8003\u616e\u306b\u5165\u308c\u308b\u3068\u3001\u30ec\u30fc\u30b9\u5168\u4f53\u3067\u306e\u30da\u30fc\u30b9\u306e\u529b\u95a2\u4fc2\u306b\u3064\u3044\u3066\u4ee5\u4e0b\u306e\u3053\u3068\u304c\u8a00\u3048\u305f\u3002 \u88681 \u30df\u30c7\u30a3\u30a2\u30e0\u30bf\u30a4\u30e4\u3067\u306e\u30ec\u30fc\u30b9\u30da\u30fc\u30b9 \u3000 \u88682 \u30cf\u30fc\u30c9\u30bf\u30a4\u30e4\u3067\u306e\u30ec\u30fc [&hellip;]<!-- AddThis Advanced Settings generic via filter on get_the_excerpt --><!-- AddThis Share Buttons generic via filter on get_the_excerpt --><\/p>\n","protected":false},"author":1,"featured_media":12684,"parent":11707,"menu_order":50,"comment_status":"closed","ping_status":"closed","template":"","meta":{"footnotes":""},"class_list":["post-12676","page","type-page","status-publish","has-post-thumbnail","hentry"],"aioseo_notices":[],"_links":{"self":[{"href":"https:\/\/f1-lap-time.com\/index.php?rest_route=\/wp\/v2\/pages\/12676","targetHints":{"allow":["GET"]}}],"collection":[{"href":"https:\/\/f1-lap-time.com\/index.php?rest_route=\/wp\/v2\/pages"}],"about":[{"href":"https:\/\/f1-lap-time.com\/index.php?rest_route=\/wp\/v2\/types\/page"}],"author":[{"embeddable":true,"href":"https:\/\/f1-lap-time.com\/index.php?rest_route=\/wp\/v2\/users\/1"}],"replies":[{"embeddable":true,"href":"https:\/\/f1-lap-time.com\/index.php?rest_route=%2Fwp%2Fv2%2Fcomments&post=12676"}],"version-history":[{"count":4,"href":"https:\/\/f1-lap-time.com\/index.php?rest_route=\/wp\/v2\/pages\/12676\/revisions"}],"predecessor-version":[{"id":12713,"href":"https:\/\/f1-lap-time.com\/index.php?rest_route=\/wp\/v2\/pages\/12676\/revisions\/12713"}],"up":[{"embeddable":true,"href":"https:\/\/f1-lap-time.com\/index.php?rest_route=\/wp\/v2\/pages\/11707"}],"wp:featuredmedia":[{"embeddable":true,"href":"https:\/\/f1-lap-time.com\/index.php?rest_route=\/wp\/v2\/media\/12684"}],"wp:attachment":[{"href":"https:\/\/f1-lap-time.com\/index.php?rest_route=%2Fwp%2Fv2%2Fmedia&parent=12676"}],"curies":[{"name":"wp","href":"https:\/\/api.w.org\/{rel}","templated":true}]}}